{"id":6027,"date":"2025-02-02T16:56:24","date_gmt":"2025-02-02T16:56:24","guid":{"rendered":"https:\/\/gingasgard.se\/?page_id=6027"},"modified":"2025-05-03T16:45:49","modified_gmt":"2025-05-03T16:45:49","slug":"blaugelb-pferdetraining","status":"publish","type":"page","link":"https:\/\/gingasgard.se\/en\/blaugelb-pferdetraining\/","title":{"rendered":"Blue-yellow horse training"},"content":{"rendered":"<div id=\"fws_69ea05c4bebb6\"  data-column-margin=\"default\" data-midnight=\"light\" data-top-percent=\"14%\" data-bottom-percent=\"12%\"  class=\"wpb_row vc_row-fluid vc_row full-width-content vc_row-o-equal-height vc_row-flex vc_row-o-content-top parallax_section top_padding_tablet_25pct top_padding_phone_50pct bottom_padding_phone_50pct\"  style=\"padding-top: calc(100vw * 0.14); padding-bottom: calc(100vw * 0.12); \"><div class=\"row-bg-wrap\" data-bg-animation=\"none\" data-bg-animation-delay=\"\" data-bg-overlay=\"false\"><div class=\"inner-wrap row-bg-layer using-image\" ><div class=\"row-bg viewport-desktop using-image\" data-parallax-speed=\"fast\" style=\"background-image: url(https:\/\/gingasgard.se\/wp-content\/uploads\/2025\/03\/PXL_20230607_074402504-01-scaled.jpeg); background-position: center center; background-repeat: no-repeat; \"><\/div><\/div><\/div><div class=\"row_col_wrap_12 col span_12 light left\">\n\t<div  class=\"vc_col-sm-12 wpb_column column_container vc_column_container col centered-text no-extra-padding el_spacing_0px inherit_tablet inherit_phone\"  data-padding-pos=\"all\" data-has-bg-color=\"false\" data-bg-color=\"\" data-bg-opacity=\"1\" data-animation=\"\" data-delay=\"0\" >\n\t\t<div class=\"vc_column-inner\" >\n\t\t\t<div class=\"wpb_wrapper\">\n\t\t\t\t\n<div class=\"wpb_text_column wpb_content_element  hero-text\" >\n\t<div class=\"wpb_wrapper\">\n\t\t<h1><span style=\"color: #ffffff;\">Blue-yellow horse training<\/span><\/h1>\n\t<\/div>\n<\/div>\n\n\n\n\n\t\t\t<\/div> \n\t\t<\/div>\n\t<\/div> \n<\/div><\/div>\n\t\t<div id=\"fws_69ea05c4bf51a\"  data-column-margin=\"default\" data-midnight=\"dark\"  class=\"wpb_row vc_row-fluid vc_row  top_margin_50px\"  style=\"padding-top: 0px; padding-bottom: 0px; \"><div class=\"row-bg-wrap\" data-bg-animation=\"none\" data-bg-animation-delay=\"\" data-bg-overlay=\"false\"><div class=\"inner-wrap row-bg-layer\" ><div class=\"row-bg viewport-desktop\"  style=\"\"><\/div><\/div><\/div><div class=\"row_col_wrap_12 col span_12 dark left\">\n\t<div  class=\"vc_col-sm-12 wpb_column column_container vc_column_container col no-extra-padding inherit_tablet inherit_phone\"  data-padding-pos=\"all\" data-has-bg-color=\"false\" data-bg-color=\"\" data-bg-opacity=\"1\" data-animation=\"\" data-delay=\"0\" >\n\t\t<div class=\"vc_column-inner\" >\n\t\t\t<div class=\"wpb_wrapper\">\n\t\t\t\t\n<div class=\"wpb_text_column wpb_content_element\" >\n\t<div class=\"wpb_wrapper\">\n\t\t<h2>Equikinetic und Dualaktivierung, was ist das?<\/h2>\n<h4>Unterricht in Equikinetic und Dualaktivierung nach M. Geitner &#8211; &#8222;Genial einfach &#8211; einfach genial!&#8220;<\/h4>\n\t<\/div>\n<\/div>\n\n\n\n\n\t\t\t<\/div> \n\t\t<\/div>\n\t<\/div> \n<\/div><\/div>\n\t\t<div id=\"fws_69ea05c4bf9fc\"  data-column-margin=\"default\" data-midnight=\"dark\"  class=\"wpb_row vc_row-fluid vc_row  top_margin_50px\"  style=\"padding-top: 0px; padding-bottom: 0px; \"><div class=\"row-bg-wrap\" data-bg-animation=\"none\" data-bg-animation-delay=\"\" data-bg-overlay=\"false\"><div class=\"inner-wrap row-bg-layer\" ><div class=\"row-bg viewport-desktop\"  style=\"\"><\/div><\/div><\/div><div class=\"row_col_wrap_12 col span_12 dark left\">\n\t<div  class=\"vc_col-sm-2\/5 wpb_column column_container vc_column_container col no-extra-padding inherit_tablet inherit_phone\"  data-padding-pos=\"all\" data-has-bg-color=\"false\" data-bg-color=\"\" data-bg-opacity=\"1\" data-animation=\"\" data-delay=\"0\" >\n\t\t<div class=\"vc_column-inner\" >\n\t\t\t<div class=\"wpb_wrapper\">\n\t\t\t\t<div class=\"img-with-aniamtion-wrap\" data-max-width=\"100%\" data-max-width-mobile=\"default\" data-border-radius=\"10px\" data-shadow=\"small_depth\" data-animation=\"none\" >\n      <div class=\"inner\">\n        <div class=\"hover-wrap\"> \n          <div class=\"hover-wrap-inner\">\n            <a href=\"https:\/\/gingasgard.se\/wp-content\/uploads\/2025\/03\/PXL_20250104_142809159-scaled.jpg\" class=\"pp\">\n              <img decoding=\"async\" class=\"img-with-animation skip-lazy\" data-delay=\"0\" height=\"1922\" width=\"2560\" data-animation=\"none\" src=\"https:\/\/gingasgard.se\/wp-content\/uploads\/2025\/03\/PXL_20250104_142809159-scaled.jpg\" alt=\"\" srcset=\"https:\/\/gingasgard.se\/wp-content\/uploads\/2025\/03\/PXL_20250104_142809159-scaled.jpg 2560w, https:\/\/gingasgard.se\/wp-content\/uploads\/2025\/03\/PXL_20250104_142809159-300x225.jpg 300w, https:\/\/gingasgard.se\/wp-content\/uploads\/2025\/03\/PXL_20250104_142809159-1024x769.jpg 1024w, https:\/\/gingasgard.se\/wp-content\/uploads\/2025\/03\/PXL_20250104_142809159-768x577.jpg 768w, https:\/\/gingasgard.se\/wp-content\/uploads\/2025\/03\/PXL_20250104_142809159-1536x1153.jpg 1536w, https:\/\/gingasgard.se\/wp-content\/uploads\/2025\/03\/PXL_20250104_142809159-2048x1538.jpg 2048w, https:\/\/gingasgard.se\/wp-content\/uploads\/2025\/03\/PXL_20250104_142809159-16x12.jpg 16w\" sizes=\"(max-width: 2560px) 100vw, 2560px\" \/>\n            <\/a>\n          <\/div>\n        <\/div>\n      <\/div>\n      <\/div>\n\t\t\t<\/div> \n\t\t<\/div>\n\t<\/div> \n\n\t<div  class=\"vc_col-sm-3\/5 wpb_column column_container vc_column_container col no-extra-padding inherit_tablet inherit_phone\"  data-padding-pos=\"all\" data-has-bg-color=\"false\" data-bg-color=\"\" data-bg-opacity=\"1\" data-animation=\"\" data-delay=\"0\" >\n\t\t<div class=\"vc_column-inner\" >\n\t\t\t<div class=\"wpb_wrapper\">\n\t\t\t\t\n<div class=\"wpb_text_column wpb_content_element\" >\n\t<div class=\"wpb_wrapper\">\n\t\t<p><strong>Equikinetic<\/strong> ist ein \u00e4usserst effektives Muskelaufbau- Training, welches in einer Quadratvolte zwischen blauen und gelben Schaumstoffgassen stattfindet. Dabei wird das Pferd in einem spezifischen Zeitsystem, wie wir es aus dem Intervalltraining kennen, mit permanenter Innenstellung, am Kappzaum, durch die Volte gef\u00fchrt. Dies ist \u00e4usserst anstrengend f\u00fcr das Pferd und f\u00fchrt, korrekt ausgef\u00fchrt zu einem effektiven Muskelaufbau. Equikinetic ist f\u00fcr alle Pferde geeignet und gerade auch f\u00fcr Reha- Pferde oder bei der Abnahme von Gewicht, beliebt.<\/p>\n\t<\/div>\n<\/div>\n\n\n\n\n\t\t\t<\/div> \n\t\t<\/div>\n\t<\/div> \n<\/div><\/div>\n\t\t<div id=\"fws_69ea05c4c0de3\"  data-column-margin=\"default\" data-midnight=\"dark\"  class=\"wpb_row vc_row-fluid vc_row  top_margin_50px\"  style=\"padding-top: 0px; padding-bottom: 0px; \"><div class=\"row-bg-wrap\" data-bg-animation=\"none\" data-bg-animation-delay=\"\" data-bg-overlay=\"false\"><div class=\"inner-wrap row-bg-layer\" ><div class=\"row-bg viewport-desktop\"  style=\"\"><\/div><\/div><\/div><div class=\"row_col_wrap_12 col span_12 dark left\">\n\t<div  class=\"vc_col-sm-2\/5 wpb_column column_container vc_column_container col no-extra-padding inherit_tablet inherit_phone\"  data-padding-pos=\"all\" data-has-bg-color=\"false\" data-bg-color=\"\" data-bg-opacity=\"1\" data-animation=\"\" data-delay=\"0\" >\n\t\t<div class=\"vc_column-inner\" >\n\t\t\t<div class=\"wpb_wrapper\">\n\t\t\t\t<div class=\"img-with-aniamtion-wrap\" data-max-width=\"100%\" data-max-width-mobile=\"default\" data-border-radius=\"10px\" data-shadow=\"small_depth\" data-animation=\"none\" >\n      <div class=\"inner\">\n        <div class=\"hover-wrap\"> \n          <div class=\"hover-wrap-inner\">\n            <a href=\"https:\/\/gingasgard.se\/wp-content\/uploads\/2025\/03\/PXL_20220313_102449160.MP-01-scaled.jpg\" class=\"pp\">\n              <img decoding=\"async\" class=\"img-with-animation skip-lazy\" data-delay=\"0\" height=\"2003\" width=\"2560\" data-animation=\"none\" src=\"https:\/\/gingasgard.se\/wp-content\/uploads\/2025\/03\/PXL_20220313_102449160.MP-01-scaled.jpg\" alt=\"\" srcset=\"https:\/\/gingasgard.se\/wp-content\/uploads\/2025\/03\/PXL_20220313_102449160.MP-01-scaled.jpg 2560w, https:\/\/gingasgard.se\/wp-content\/uploads\/2025\/03\/PXL_20220313_102449160.MP-01-300x235.jpg 300w, https:\/\/gingasgard.se\/wp-content\/uploads\/2025\/03\/PXL_20220313_102449160.MP-01-1024x801.jpg 1024w, https:\/\/gingasgard.se\/wp-content\/uploads\/2025\/03\/PXL_20220313_102449160.MP-01-768x601.jpg 768w, https:\/\/gingasgard.se\/wp-content\/uploads\/2025\/03\/PXL_20220313_102449160.MP-01-1536x1202.jpg 1536w, https:\/\/gingasgard.se\/wp-content\/uploads\/2025\/03\/PXL_20220313_102449160.MP-01-2048x1603.jpg 2048w, https:\/\/gingasgard.se\/wp-content\/uploads\/2025\/03\/PXL_20220313_102449160.MP-01-15x12.jpg 15w\" sizes=\"(max-width: 2560px) 100vw, 2560px\" \/>\n            <\/a>\n          <\/div>\n        <\/div>\n      <\/div>\n      <\/div>\n\t\t\t<\/div> \n\t\t<\/div>\n\t<\/div> \n\n\t<div  class=\"vc_col-sm-3\/5 wpb_column column_container vc_column_container col no-extra-padding inherit_tablet inherit_phone\"  data-padding-pos=\"all\" data-has-bg-color=\"false\" data-bg-color=\"\" data-bg-opacity=\"1\" data-animation=\"\" data-delay=\"0\" >\n\t\t<div class=\"vc_column-inner\" >\n\t\t\t<div class=\"wpb_wrapper\">\n\t\t\t\t\n<div class=\"wpb_text_column wpb_content_element\" >\n\t<div class=\"wpb_wrapper\">\n\t\t<p>Bei der <strong>Dual- Aktivierung<\/strong> handelt es sich um ein Trainingsprogramm, bei dem die Balance und Koordination, so wie die Muskulatur gef\u00f6rdert werden. Dual- Aktivierung kann geritten, longiert, als Handarbeit oder an der Doppellonge gemacht werden. Auch diese Trainigsweise findet nach einem Intervall- Zeitsystem statt und bindet gezielte Pausen mit ein, in denen das Gelernte vom Pferd verarbeitet werden kann. In der Dual- Aktivierung werden Bahnfiguren, die wir vom klassischen Reiten kennen, durch blaue und gelbe Schaumstoffgassen am Boden sichtbar gemacht und dienen dem Pferd als Leitlinien.<\/p>\n\t<\/div>\n<\/div>\n\n\n\n\n\t\t\t<\/div> \n\t\t<\/div>\n\t<\/div> \n<\/div><\/div>\n\t\t<div id=\"fws_69ea05c4c23ca\"  data-column-margin=\"default\" data-midnight=\"dark\"  class=\"wpb_row vc_row-fluid vc_row  top_margin_50px\"  style=\"padding-top: 0px; padding-bottom: 0px; \"><div class=\"row-bg-wrap\" data-bg-animation=\"none\" data-bg-animation-delay=\"\" data-bg-overlay=\"false\"><div class=\"inner-wrap row-bg-layer\" ><div class=\"row-bg viewport-desktop\"  style=\"\"><\/div><\/div><\/div><div class=\"row_col_wrap_12 col span_12 dark left\">\n\t<div  class=\"vc_col-sm-2\/5 wpb_column column_container vc_column_container col no-extra-padding inherit_tablet inherit_phone\"  data-padding-pos=\"all\" data-has-bg-color=\"false\" data-bg-color=\"\" data-bg-opacity=\"1\" data-animation=\"\" data-delay=\"0\" >\n\t\t<div class=\"vc_column-inner\" >\n\t\t\t<div class=\"wpb_wrapper\">\n\t\t\t\t<div class=\"img-with-aniamtion-wrap\" data-max-width=\"100%\" data-max-width-mobile=\"default\" data-shadow=\"none\" data-animation=\"none\" >\n      <div class=\"inner\">\n        <div class=\"hover-wrap\"> \n          <div class=\"hover-wrap-inner\">\n            <img decoding=\"async\" class=\"img-with-animation skip-lazy\" data-delay=\"0\" height=\"1561\" width=\"2207\" data-animation=\"none\" src=\"https:\/\/gingasgard.se\/wp-content\/uploads\/2025\/03\/1-stern-schrift.png\" alt=\"\" srcset=\"https:\/\/gingasgard.se\/wp-content\/uploads\/2025\/03\/1-stern-schrift.png 2207w, https:\/\/gingasgard.se\/wp-content\/uploads\/2025\/03\/1-stern-schrift-300x212.png 300w, https:\/\/gingasgard.se\/wp-content\/uploads\/2025\/03\/1-stern-schrift-1024x724.png 1024w, https:\/\/gingasgard.se\/wp-content\/uploads\/2025\/03\/1-stern-schrift-768x543.png 768w, https:\/\/gingasgard.se\/wp-content\/uploads\/2025\/03\/1-stern-schrift-1536x1086.png 1536w, https:\/\/gingasgard.se\/wp-content\/uploads\/2025\/03\/1-stern-schrift-2048x1449.png 2048w, https:\/\/gingasgard.se\/wp-content\/uploads\/2025\/03\/1-stern-schrift-18x12.png 18w\" sizes=\"(max-width: 2207px) 100vw, 2207px\" \/>\n          <\/div>\n        <\/div>\n      <\/div>\n    <\/div>\n\t\t\t<\/div> \n\t\t<\/div>\n\t<\/div> \n\n\t<div  class=\"vc_col-sm-3\/5 wpb_column column_container vc_column_container col no-extra-padding inherit_tablet inherit_phone\"  data-padding-pos=\"all\" data-has-bg-color=\"false\" data-bg-color=\"\" data-bg-opacity=\"1\" data-animation=\"\" data-delay=\"0\" >\n\t\t<div class=\"vc_column-inner\" >\n\t\t\t<div class=\"wpb_wrapper\">\n\t\t\t\t\n<div class=\"wpb_text_column wpb_content_element\" >\n\t<div class=\"wpb_wrapper\">\n\t\t<p>Die blaugelbe Trainigswelt wurde durch <strong>Michale Geitner<\/strong> vor \u00fcber 20 Jahren in Deutschland entwickelt und diente ihm urspr\u00fcnglich um seine Rennpferde erfolgreich zu trainieren. Das Konzept vereint verschiedene, wertvolle Komponenten, die es zu einem klaren und einfachen System werden lassen, dass dem Pferd viel n\u00fctzt und es gesund erh\u00e4lt und dem Reiter Spass macht. Das Konzept wird stets weiterentwickelt und ist in Deutschland, \u00d6sterreich und der Schweiz sehr bekannt und unter Freizeitreitern und Profis gleichermassen beliebt.<\/p>\n\t<\/div>\n<\/div>\n\n\n\n\n\t\t\t<\/div> \n\t\t<\/div>\n\t<\/div> \n<\/div><\/div>\n\t\t<div id=\"fws_69ea05c4c3303\"  data-column-margin=\"default\" data-midnight=\"dark\"  class=\"wpb_row vc_row-fluid vc_row  top_margin_50px\"  style=\"padding-top: 0px; padding-bottom: 0px; \"><div class=\"row-bg-wrap\" data-bg-animation=\"none\" data-bg-animation-delay=\"\" data-bg-overlay=\"false\"><div class=\"inner-wrap row-bg-layer\" ><div class=\"row-bg viewport-desktop\"  style=\"\"><\/div><\/div><\/div><div class=\"row_col_wrap_12 col span_12 dark left\">\n\t<div  class=\"vc_col-sm-8 wpb_column column_container vc_column_container col no-extra-padding inherit_tablet inherit_phone\"  data-padding-pos=\"all\" data-has-bg-color=\"false\" data-bg-color=\"\" data-bg-opacity=\"1\" data-animation=\"\" data-delay=\"0\" >\n\t\t<div class=\"vc_column-inner\" >\n\t\t\t<div class=\"wpb_wrapper\">\n\t\t\t\t\n<div class=\"wpb_text_column wpb_content_element\" >\n\t<div class=\"wpb_wrapper\">\n\t\t<h2>Mein Angebot f\u00fcr dich<\/h2>\n<ul>\n<li>Als lizenzierte Geitner- Trainerin begleite ich dich gerne auf deinem individuellen Weg mit deinem Pferd und tauche mit dir in die blau- gelbe Trainingswelt ab.<\/li>\n<li>Gerne besuche ich dich und dein Pferd in der gewohnten Umgebung und gebe mein Wissen weiter. Dabei bringe ich auch alles n\u00f6tige Equipment mit.<\/li>\n<li>Meine Pferde kennen die blaugelbe Trainigswelt gut und sind exzellente Lehrmeister, wenn du das Geitner- Training lieber erst einmal ohne dein eignes Pferd lernen m\u00f6chten. Vereinbare gerne eine Lektion bei uns auf Gingasgard.<\/li>\n<\/ul>\n\t<\/div>\n<\/div>\n\n\n\n\n\t\t\t<\/div> \n\t\t<\/div>\n\t<\/div> \n\n\t<div  class=\"vc_col-sm-4 wpb_column column_container vc_column_container col no-extra-padding inherit_tablet inherit_phone\"  data-padding-pos=\"all\" data-has-bg-color=\"false\" data-bg-color=\"\" data-bg-opacity=\"1\" data-animation=\"\" data-delay=\"0\" >\n\t\t<div class=\"vc_column-inner\" >\n\t\t\t<div class=\"wpb_wrapper\">\n\t\t\t\t<div class=\"img-with-aniamtion-wrap\" data-max-width=\"100%\" data-max-width-mobile=\"default\" data-border-radius=\"10px\" data-shadow=\"small_depth\" data-animation=\"none\" >\n      <div class=\"inner\">\n        <div class=\"hover-wrap\"> \n          <div class=\"hover-wrap-inner\">\n            <a href=\"https:\/\/gingasgard.se\/wp-content\/uploads\/2025\/03\/IMG-20220313-WA0002-01.jpg\" class=\"pp\">\n              <img decoding=\"async\" class=\"img-with-animation skip-lazy\" data-delay=\"0\" height=\"1186\" width=\"1812\" data-animation=\"none\" src=\"https:\/\/gingasgard.se\/wp-content\/uploads\/2025\/03\/IMG-20220313-WA0002-01.jpg\" alt=\"\" srcset=\"https:\/\/gingasgard.se\/wp-content\/uploads\/2025\/03\/IMG-20220313-WA0002-01.jpg 1812w, https:\/\/gingasgard.se\/wp-content\/uploads\/2025\/03\/IMG-20220313-WA0002-01-300x196.jpg 300w, https:\/\/gingasgard.se\/wp-content\/uploads\/2025\/03\/IMG-20220313-WA0002-01-1024x670.jpg 1024w, https:\/\/gingasgard.se\/wp-content\/uploads\/2025\/03\/IMG-20220313-WA0002-01-768x503.jpg 768w, https:\/\/gingasgard.se\/wp-content\/uploads\/2025\/03\/IMG-20220313-WA0002-01-1536x1005.jpg 1536w, https:\/\/gingasgard.se\/wp-content\/uploads\/2025\/03\/IMG-20220313-WA0002-01-18x12.jpg 18w\" sizes=\"(max-width: 1812px) 100vw, 1812px\" \/>\n            <\/a>\n          <\/div>\n        <\/div>\n      <\/div>\n      <\/div>\n\t\t\t<\/div> \n\t\t<\/div>\n\t<\/div> \n<\/div><\/div>","protected":false},"excerpt":{"rendered":"Blaugelb Pferdetraining Equikinetic und Dualaktivierung, was ist das? Unterricht in Equikinetic und Dualaktivierung nach M. Geitner - \"Genial einfach - einfach genial!\" Equikinetic ist ein \u00e4usserst effektives Muskelaufbau- Training, welches...","protected":false},"author":1,"featured_media":0,"parent":0,"menu_order":0,"comment_status":"closed","ping_status":"closed","template":"","meta":{"footnotes":""},"class_list":["post-6027","page","type-page","status-publish"],"_links":{"self":[{"href":"https:\/\/gingasgard.se\/en\/wp-json\/wp\/v2\/pages\/6027","targetHints":{"allow":["GET"]}}],"collection":[{"href":"https:\/\/gingasgard.se\/en\/wp-json\/wp\/v2\/pages"}],"about":[{"href":"https:\/\/gingasgard.se\/en\/wp-json\/wp\/v2\/types\/page"}],"author":[{"embeddable":true,"href":"https:\/\/gingasgard.se\/en\/wp-json\/wp\/v2\/users\/1"}],"replies":[{"embeddable":true,"href":"https:\/\/gingasgard.se\/en\/wp-json\/wp\/v2\/comments?post=6027"}],"version-history":[{"count":16,"href":"https:\/\/gingasgard.se\/en\/wp-json\/wp\/v2\/pages\/6027\/revisions"}],"predecessor-version":[{"id":6495,"href":"https:\/\/gingasgard.se\/en\/wp-json\/wp\/v2\/pages\/6027\/revisions\/6495"}],"wp:attachment":[{"href":"https:\/\/gingasgard.se\/en\/wp-json\/wp\/v2\/media?parent=6027"}],"curies":[{"name":"wp","href":"https:\/\/api.w.org\/{rel}","templated":true}]}}