{"id":6222,"date":"2025-04-11T08:41:38","date_gmt":"2025-04-11T08:41:38","guid":{"rendered":"https:\/\/gingasgard.se\/?page_id=6222"},"modified":"2025-05-02T14:26:30","modified_gmt":"2025-05-02T14:26:30","slug":"pony-trekking","status":"publish","type":"page","link":"https:\/\/gingasgard.se\/sv\/pony-trekking\/","title":{"rendered":"Ponny Trekking"},"content":{"rendered":"<div id=\"fws_69e9f30ea6e4d\"  data-column-margin=\"default\" data-midnight=\"light\" data-top-percent=\"14%\" data-bottom-percent=\"12%\"  class=\"wpb_row vc_row-fluid vc_row full-width-section  top_padding_phone_50pct bottom_padding_phone_50pct\"  style=\"padding-top: calc(100vw * 0.14); padding-bottom: calc(100vw * 0.12); \"><div class=\"row-bg-wrap\" data-bg-animation=\"none\" data-bg-animation-delay=\"\" data-bg-overlay=\"false\"><div class=\"inner-wrap row-bg-layer using-image\" ><div class=\"row-bg viewport-desktop using-image using-bg-color\"  style=\"background-image: url(https:\/\/gingasgard.se\/wp-content\/uploads\/2025\/03\/PXL_20250302_112251647.jpg); background-position: center center; background-repeat: no-repeat; background-color: #7ca078; \"><\/div><\/div><\/div><div class=\"row_col_wrap_12 col span_12 light left\">\n\t<div  class=\"vc_col-sm-12 wpb_column column_container vc_column_container col centered-text no-extra-padding inherit_tablet inherit_phone\"  data-padding-pos=\"all\" data-has-bg-color=\"false\" data-bg-color=\"\" data-bg-opacity=\"1\" data-animation=\"\" data-delay=\"0\" >\n\t\t<div class=\"vc_column-inner\" >\n\t\t\t<div class=\"wpb_wrapper\">\n\t\t\t\t\n<div class=\"wpb_text_column wpb_content_element  hero-text\" >\n\t<div class=\"wpb_wrapper\">\n\t\t<h1><span style=\"color: #ffffff;\">Ponny Trekking<\/span><\/h1>\n\t<\/div>\n<\/div>\n\n\n\n\n\t\t\t<\/div> \n\t\t<\/div>\n\t<\/div> \n<\/div><\/div>\n\t\t<div id=\"fws_69e9f30ea7ccc\"  data-column-margin=\"default\" data-midnight=\"dark\"  class=\"wpb_row vc_row-fluid vc_row full-width-section  top_margin_50px bottom_margin_50px reverse_columns_column_phone\"  style=\"padding-top: 0px; padding-bottom: 0px; \"><div class=\"row-bg-wrap\" data-bg-animation=\"none\" data-bg-animation-delay=\"\" data-bg-overlay=\"false\"><div class=\"inner-wrap row-bg-layer\" ><div class=\"row-bg viewport-desktop\"  style=\"\"><\/div><\/div><\/div><div class=\"row_col_wrap_12 col span_12 dark left\">\n\t<div  class=\"vc_col-sm-3 wpb_column column_container vc_column_container col padding-1-percent inherit_tablet inherit_phone\"  data-padding-pos=\"all\" data-has-bg-color=\"false\" data-bg-color=\"\" data-bg-opacity=\"1\" data-animation=\"\" data-delay=\"0\" >\n\t\t<div class=\"vc_column-inner\" >\n\t\t\t<div class=\"wpb_wrapper\">\n\t\t\t\t<div class=\"img-with-aniamtion-wrap  custom-size\" data-max-width=\"100%\" data-max-width-mobile=\"default\" data-border-radius=\"10px\" data-shadow=\"medium_depth\" data-animation=\"none\" >\n      <div class=\"inner\">\n        <div class=\"hover-wrap\"> \n          <div class=\"hover-wrap-inner\">\n            <a href=\"https:\/\/gingasgard.se\/wp-content\/uploads\/2025\/03\/PXL_20250302_112251647.jpg\" class=\"pp\">\n              <img decoding=\"async\" class=\"img-with-animation skip-lazy\" data-delay=\"0\" height=\"350\" width=\"350\" data-animation=\"none\" src=\"https:\/\/gingasgard.se\/wp-content\/uploads\/2025\/03\/PXL_20250302_112251647-350x350.jpg\" alt=\"\" srcset=\"https:\/\/gingasgard.se\/wp-content\/uploads\/2025\/03\/PXL_20250302_112251647-350x350.jpg 350w, https:\/\/gingasgard.se\/wp-content\/uploads\/2025\/03\/PXL_20250302_112251647-150x150.jpg 150w, https:\/\/gingasgard.se\/wp-content\/uploads\/2025\/03\/PXL_20250302_112251647-140x140.jpg 140w, https:\/\/gingasgard.se\/wp-content\/uploads\/2025\/03\/PXL_20250302_112251647-100x100.jpg 100w, https:\/\/gingasgard.se\/wp-content\/uploads\/2025\/03\/PXL_20250302_112251647-500x500.jpg 500w, https:\/\/gingasgard.se\/wp-content\/uploads\/2025\/03\/PXL_20250302_112251647-1000x1000.jpg 1000w, https:\/\/gingasgard.se\/wp-content\/uploads\/2025\/03\/PXL_20250302_112251647-800x800.jpg 800w\" sizes=\"(max-width: 350px) 100vw, 350px\" \/>\n            <\/a>\n          <\/div>\n        <\/div>\n      <\/div>\n      <\/div><div class=\"img-with-aniamtion-wrap  custom-size\" data-max-width=\"100%\" data-max-width-mobile=\"default\" data-border-radius=\"10px\" data-shadow=\"medium_depth\" data-animation=\"none\" >\n      <div class=\"inner\">\n        <div class=\"hover-wrap\"> \n          <div class=\"hover-wrap-inner\">\n            <a href=\"https:\/\/gingasgard.se\/wp-content\/uploads\/2025\/03\/PXL_20250318_085213441.MP_-scaled.jpg\" class=\"pp\">\n              <img decoding=\"async\" class=\"img-with-animation skip-lazy\" data-delay=\"0\" height=\"350\" width=\"350\" data-animation=\"none\" src=\"https:\/\/gingasgard.se\/wp-content\/uploads\/2025\/03\/PXL_20250318_085213441.MP_-350x350.jpg\" alt=\"\" srcset=\"https:\/\/gingasgard.se\/wp-content\/uploads\/2025\/03\/PXL_20250318_085213441.MP_-350x350.jpg 350w, https:\/\/gingasgard.se\/wp-content\/uploads\/2025\/03\/PXL_20250318_085213441.MP_-150x150.jpg 150w, https:\/\/gingasgard.se\/wp-content\/uploads\/2025\/03\/PXL_20250318_085213441.MP_-140x140.jpg 140w, https:\/\/gingasgard.se\/wp-content\/uploads\/2025\/03\/PXL_20250318_085213441.MP_-100x100.jpg 100w, https:\/\/gingasgard.se\/wp-content\/uploads\/2025\/03\/PXL_20250318_085213441.MP_-500x500.jpg 500w, https:\/\/gingasgard.se\/wp-content\/uploads\/2025\/03\/PXL_20250318_085213441.MP_-1000x1000.jpg 1000w, https:\/\/gingasgard.se\/wp-content\/uploads\/2025\/03\/PXL_20250318_085213441.MP_-800x800.jpg 800w\" sizes=\"(max-width: 350px) 100vw, 350px\" \/>\n            <\/a>\n          <\/div>\n        <\/div>\n      <\/div>\n      <\/div><div class=\"img-with-aniamtion-wrap  custom-size\" data-max-width=\"100%\" data-max-width-mobile=\"default\" data-border-radius=\"10px\" data-shadow=\"medium_depth\" data-animation=\"none\" >\n      <div class=\"inner\">\n        <div class=\"hover-wrap\"> \n          <div class=\"hover-wrap-inner\">\n            <a href=\"https:\/\/gingasgard.se\/wp-content\/uploads\/2025\/04\/DSC2804-scaled.jpg\" class=\"pp\">\n              <img decoding=\"async\" class=\"img-with-animation skip-lazy\" data-delay=\"0\" height=\"350\" width=\"350\" data-animation=\"none\" src=\"https:\/\/gingasgard.se\/wp-content\/uploads\/2025\/04\/DSC2804-350x350.jpg\" alt=\"\" srcset=\"https:\/\/gingasgard.se\/wp-content\/uploads\/2025\/04\/DSC2804-350x350.jpg 350w, https:\/\/gingasgard.se\/wp-content\/uploads\/2025\/04\/DSC2804-150x150.jpg 150w, https:\/\/gingasgard.se\/wp-content\/uploads\/2025\/04\/DSC2804-140x140.jpg 140w, https:\/\/gingasgard.se\/wp-content\/uploads\/2025\/04\/DSC2804-100x100.jpg 100w, https:\/\/gingasgard.se\/wp-content\/uploads\/2025\/04\/DSC2804-500x500.jpg 500w, https:\/\/gingasgard.se\/wp-content\/uploads\/2025\/04\/DSC2804-1000x1000.jpg 1000w, https:\/\/gingasgard.se\/wp-content\/uploads\/2025\/04\/DSC2804-800x800.jpg 800w\" sizes=\"(max-width: 350px) 100vw, 350px\" \/>\n            <\/a>\n          <\/div>\n        <\/div>\n      <\/div>\n      <\/div>\n\t\t\t<\/div> \n\t\t<\/div>\n\t<\/div> \n\n\t<div  class=\"vc_col-sm-9 wpb_column column_container vc_column_container col no-extra-padding inherit_tablet inherit_phone\"  data-padding-pos=\"all\" data-has-bg-color=\"false\" data-bg-color=\"\" data-bg-opacity=\"1\" data-animation=\"\" data-delay=\"0\" >\n\t\t<div class=\"vc_column-inner\" >\n\t\t\t<div class=\"wpb_wrapper\">\n\t\t\t\t\n<div class=\"wpb_text_column wpb_content_element\" >\n\t<div class=\"wpb_wrapper\">\n\t\t<h1>Pony Trekking \u2013 En upplevelse f\u00f6r hela familjen<\/h1>\n\t<\/div>\n<\/div>\n\n\n\n\n<div class=\"wpb_text_column wpb_content_element\" >\n\t<div class=\"wpb_wrapper\">\n\t\t<h4>Ponnyer fascinerar inte bara barn, de g\u00f6r en promenad genom den svenska skogen till en s\u00e4rskilt vacker upplevelse \u00e4ven f\u00f6r vuxna. Tillsammans med dem kan man njuta dubbelt s\u00e5 mycket av skogens gr\u00f6nska, de doftande granarna och den underbara stillheten.<\/h4>\n<p>Letar du efter en s\u00e4rskild naturupplevelse i s\u00f6dra Sverige? D\u00e5 har du kommit r\u00e4tt. Vi f\u00f6ljer g\u00e4rna med dig med v\u00e5ra ponnyer genom de svenska skogarna och visar dig de vackraste str\u00e4ckorna och g\u00f6mda platser.<\/p>\n<p>Till skillnad fr\u00e5n de andra erbjudandena fr\u00e5n Gingas Gard \u00e4r detta en m\u00f6jlighet d\u00e4r inte bara de yngsta st\u00e5r i centrum, utan \u00e4ven vuxna har m\u00f6jlighet att tillsammans med en trevlig ponny vandra genom naturen. Oavsett om du kommer ensam, med hela din familj eller med v\u00e4nner, h\u00e4r finns n\u00e5got f\u00f6r alla. Ponnyerna f\u00f6rbereds tillsammans f\u00f6r utflykten och b\u00e4r packningen (t.ex. f\u00f6r en fika vid sj\u00f6n). F\u00f6r barn finns ocks\u00e5 m\u00f6jlighet att rida.<\/p>\n<p>Vi hj\u00e4lper g\u00e4rna till att s\u00e4tta ihop ditt \u00f6nskade program n\u00e4r det g\u00e4ller l\u00e4ngden p\u00e5 trekkingturen med v\u00e5ra ponnyer. V\u00e4nligen kontakta oss med dina \u00f6nskem\u00e5l. Priserna beror p\u00e5 turens l\u00e4ngd och antalet ponnyer som anv\u00e4nds.<\/p>\n<h3>F\u00f6ruts\u00e4ttningar f\u00f6r trekkinget:<\/h3>\n<ul>\n<li>Du \u00e4r i god form och det \u00e4r m\u00f6jligt f\u00f6r dig att klara av den valda tidsperioden. T\u00e4nk p\u00e5 att v\u00e4garna vanligtvis \u00e4r obelagda skogsv\u00e4gar. Om du \u00f6nskar kan vi g\u00e4rna g\u00e5 en str\u00e4cka som till exempel ocks\u00e5 kan k\u00f6ras med barnvagn.<\/li>\n<li>Gl\u00e4dje f\u00f6r naturen och intresse f\u00f6r ponnyer.<\/li>\n<\/ul>\n\t<\/div>\n<\/div>\n\n\n\n\n\t\t\t<\/div> \n\t\t<\/div>\n\t<\/div> \n<\/div><\/div>","protected":false},"excerpt":{"rendered":"Pony Trekking Pony Trekking - Ein Erlebnis f\u00fcr die ganze Familie Ponys begeistern nicht nur Kinder, sie machen einen Spaziergang durch den Schwedischen Wald auch f\u00fcr Erwachsene zu einem besonders...","protected":false},"author":1,"featured_media":0,"parent":0,"menu_order":0,"comment_status":"closed","ping_status":"closed","template":"","meta":{"footnotes":""},"class_list":["post-6222","page","type-page","status-publish"],"_links":{"self":[{"href":"https:\/\/gingasgard.se\/sv\/wp-json\/wp\/v2\/pages\/6222","targetHints":{"allow":["GET"]}}],"collection":[{"href":"https:\/\/gingasgard.se\/sv\/wp-json\/wp\/v2\/pages"}],"about":[{"href":"https:\/\/gingasgard.se\/sv\/wp-json\/wp\/v2\/types\/page"}],"author":[{"embeddable":true,"href":"https:\/\/gingasgard.se\/sv\/wp-json\/wp\/v2\/users\/1"}],"replies":[{"embeddable":true,"href":"https:\/\/gingasgard.se\/sv\/wp-json\/wp\/v2\/comments?post=6222"}],"version-history":[{"count":13,"href":"https:\/\/gingasgard.se\/sv\/wp-json\/wp\/v2\/pages\/6222\/revisions"}],"predecessor-version":[{"id":6482,"href":"https:\/\/gingasgard.se\/sv\/wp-json\/wp\/v2\/pages\/6222\/revisions\/6482"}],"wp:attachment":[{"href":"https:\/\/gingasgard.se\/sv\/wp-json\/wp\/v2\/media?parent=6222"}],"curies":[{"name":"wp","href":"https:\/\/api.w.org\/{rel}","templated":true}]}}